{"id":1446,"date":"2016-05-23T12:21:36","date_gmt":"2016-05-23T10:21:36","guid":{"rendered":"http:\/\/pizzeria.webwave.ch\/?page_id=1446"},"modified":"2025-04-18T00:33:42","modified_gmt":"2025-04-17T22:33:42","slug":"empfehlung-vom-chef","status":"publish","type":"page","link":"http:\/\/www.pizzeriadafranco.ch\/?page_id=1446","title":{"rendered":"Empfehlung vom Chef"},"content":{"rendered":"<p style=\"text-align: center;\"><strong>Der Chef empfie<\/strong><strong>hlt<\/strong><\/p>\n<p style=\"text-align: center;\"><strong>\u00a0<\/strong><\/p>\n<p style=\"text-align: center;\"><span style=\"color: #008080;\"><strong>3 Gang Men\u00fc Nach Wahl <\/strong><\/span><\/p>\n<p style=\"text-align: center;\"><strong>\u00a0<\/strong><\/p>\n<p style=\"text-align: center;\"><span style=\"color: #ff0000;\"><strong><u>MENUSALAT<\/u><\/strong><\/span><\/p>\n<p style=\"text-align: center;\"><span style=\"color: #ff0000;\"><strong>Gr\u00fcner \u00a0<\/strong><strong>oder<\/strong><strong> \u00a0Gemischter\u00a0 <\/strong><strong>oder<\/strong><strong> \u00a0<\/strong><\/span><strong><span style=\"color: #ff0000;\">Caprese Salat (Tomaten, Mozzarella, Oliven)<\/span>\u00a0 <\/strong><\/p>\n<p style=\"text-align: center;\"><strong><u>\u00a0<\/u><\/strong><\/p>\n<p style=\"text-align: center;\"><span style=\"color: #ff0000;\"><strong><u>DESSERT <\/u><\/strong><\/span><\/p>\n<p style=\"text-align: center;\"><span style=\"color: #ff0000;\"><strong>\u00a0<\/strong><strong>Panna Cotta\u00a0 <\/strong><strong>oder<\/strong><strong>\u00a0 Tiramisu<\/strong><\/span><\/p>\n<p style=\"text-align: center;\"><span style=\"color: #ff0000;\"><strong>\u00a0<\/strong><\/span><\/p>\n<p style=\"text-align: center;\"><strong>\u00a0<\/strong><\/p>\n<p style=\"text-align: center;\"><strong>Menu 1\u00a0 Fr. 35.50 <\/strong><\/p>\n<p style=\"text-align: center;\"><strong>Salat Nach Wahl<\/strong><\/p>\n<p style=\"text-align: center;\"><strong>Spaghetti a Modo Mio mit Crevetten und Tomatenrahmsauce<\/strong><\/p>\n<p style=\"text-align: center;\"><strong>Dessert Nach Wahl<\/strong><\/p>\n<p style=\"text-align: center;\"><strong>****<\/strong><\/p>\n<p style=\"text-align: center;\"><strong>\u00a0<\/strong><\/p>\n<p style=\"text-align: center;\"><strong>\u00a0<\/strong><\/p>\n<p style=\"text-align: center;\"><strong>\u00a0<\/strong><\/p>\n<p style=\"text-align: center;\"><strong>Menu 2\u00a0 Fr. 35.50 mit Tr\u00fcffel<\/strong><\/p>\n<p style=\"text-align: center;\"><strong>Salat Nach Wahl<\/strong><\/p>\n<p style=\"text-align: center;\"><strong>Fagottini (gef\u00fcllte Nudeln mit Tr\u00fcffel) mit Butter und Tr\u00fcffel <\/strong><\/p>\n<p style=\"text-align: center;\"><strong>Dessert Nach Wahl<\/strong><\/p>\n<p style=\"text-align: center;\"><strong>****<\/strong><\/p>\n<p style=\"text-align: center;\"><strong>\u00a0<\/strong><\/p>\n<p style=\"text-align: center;\"><strong>\u00a0<\/strong><\/p>\n<p style=\"text-align: center;\"><strong>\u00a0<\/strong><\/p>\n<p style=\"text-align: center;\"><strong>Menu 3\u00a0 Fr. 36.50<\/strong><\/p>\n<p style=\"text-align: center;\"><strong>Salat Nach Wahl<\/strong><\/p>\n<p style=\"text-align: center;\"><strong>Gebratenes Zanderfilet mit Risotto\u00a0 <\/strong><strong>oder<\/strong><strong>\u00a0 Gem\u00fcse<\/strong><\/p>\n<p style=\"text-align: center;\"><strong>Dessert Nach Wahl<\/strong><\/p>\n<p style=\"text-align: center;\"><strong>****<\/strong><\/p>\n<p style=\"text-align: center;\"><strong>\u00a0<\/strong><\/p>\n<p style=\"text-align: center;\"><strong>\u00a0<\/strong><\/p>\n<p style=\"text-align: center;\"><strong>\u00a0<\/strong><\/p>\n<p style=\"text-align: center;\"><strong>Menu 4\u00a0 mit Rindfleisch<\/strong><\/p>\n<p style=\"text-align: center;\"><strong>150g Fr. 42.00\u00a0\u00a0 230g Fr. 55.00<\/strong><\/p>\n<p style=\"text-align: center;\"><strong>Salat Nach Wahl<\/strong><\/p>\n<p style=\"text-align: center;\"><strong>Rinderfilet mit ca 150g\u00a0 oder ca 230g an gr\u00fcner Pfeffersauce <\/strong><\/p>\n<p style=\"text-align: center;\"><strong>mit Nudeln \u00a0\u00a0<\/strong><strong>oder<\/strong><strong>\u00a0 Gem\u00fcse<\/strong><\/p>\n<p style=\"text-align: center;\"><strong>Dessert Nach Wahl<\/strong><\/p>\n<p style=\"text-align: center;\"><strong>****<\/strong><\/p>\n<p style=\"text-align: center;\"><strong>\u00a0<\/strong><\/p>\n<p style=\"text-align: center;\"><strong>\u00a0<\/strong><\/p>\n<p style=\"text-align: center;\"><strong>\u00a0<\/strong><\/p>\n<p style=\"text-align: center;\"><strong>Menu 5\u00a0 Fr. 42.50 <\/strong><\/p>\n<p style=\"text-align: center;\"><strong>Salat Nach Wahl<\/strong><\/p>\n<p style=\"text-align: center;\"><strong>Kalbs-Saltimbocca mit Nudeln und Gem\u00fcse<\/strong><\/p>\n<p style=\"text-align: center;\"><strong>Dessert Nach Wahl<\/strong><\/p>\n<p style=\"text-align: center;\"><strong>****<\/strong><\/p>\n<p style=\"text-align: center;\"><strong>\u00a0<\/strong><\/p>\n","protected":false},"excerpt":{"rendered":"<p>Der Chef empfiehlt \u00a0 3 Gang Men\u00fc Nach Wahl \u00a0 MENUSALAT Gr\u00fcner \u00a0oder \u00a0Gemischter\u00a0 oder \u00a0Caprese Salat (Tomaten, Mozzarella, Oliven)\u00a0 \u00a0 DESSERT \u00a0Panna Cotta\u00a0 oder\u00a0 Tiramisu \u00a0 \u00a0 Menu 1\u00a0 Fr. 35.50 Salat Nach Wahl Spaghetti a Modo Mio mit Crevetten und Tomatenrahmsauce Dessert Nach Wahl **** \u00a0 \u00a0 \u00a0 Menu 2\u00a0 Fr. 35.50 mit [&hellip;]<\/p>\n","protected":false},"author":1,"featured_media":0,"parent":0,"menu_order":0,"comment_status":"closed","ping_status":"closed","template":"","meta":{"footnotes":""},"class_list":["post-1446","page","type-page","status-publish","hentry"],"_links":{"self":[{"href":"http:\/\/www.pizzeriadafranco.ch\/index.php?rest_route=\/wp\/v2\/pages\/1446","targetHints":{"allow":["GET"]}}],"collection":[{"href":"http:\/\/www.pizzeriadafranco.ch\/index.php?rest_route=\/wp\/v2\/pages"}],"about":[{"href":"http:\/\/www.pizzeriadafranco.ch\/index.php?rest_route=\/wp\/v2\/types\/page"}],"author":[{"embeddable":true,"href":"http:\/\/www.pizzeriadafranco.ch\/index.php?rest_route=\/wp\/v2\/users\/1"}],"replies":[{"embeddable":true,"href":"http:\/\/www.pizzeriadafranco.ch\/index.php?rest_route=%2Fwp%2Fv2%2Fcomments&post=1446"}],"version-history":[{"count":18,"href":"http:\/\/www.pizzeriadafranco.ch\/index.php?rest_route=\/wp\/v2\/pages\/1446\/revisions"}],"predecessor-version":[{"id":2359,"href":"http:\/\/www.pizzeriadafranco.ch\/index.php?rest_route=\/wp\/v2\/pages\/1446\/revisions\/2359"}],"wp:attachment":[{"href":"http:\/\/www.pizzeriadafranco.ch\/index.php?rest_route=%2Fwp%2Fv2%2Fmedia&parent=1446"}],"curies":[{"name":"wp","href":"https:\/\/api.w.org\/{rel}","templated":true}]}}